{"id":720,"date":"2023-06-20T07:40:42","date_gmt":"2023-06-20T07:40:42","guid":{"rendered":"https:\/\/isc.uninjingambande.ed.ao\/?page_id=720"},"modified":"2023-12-19T15:00:29","modified_gmt":"2023-12-19T15:00:29","slug":"social-activities","status":"publish","type":"page","link":"https:\/\/isc.urnm.edu.ao\/2023\/social-activities\/","title":{"rendered":"Social Activities"},"content":{"rendered":"\t\t<div data-elementor-type=\"wp-page\" data-elementor-id=\"720\" class=\"elementor elementor-720\">\n\t\t\t\t<div class=\"elementor-element elementor-element-a80496b e-flex e-con-boxed e-con e-parent\" data-id=\"a80496b\" data-element_type=\"container\" data-settings=\"{&quot;background_background&quot;:&quot;gradient&quot;}\">\n\t\t\t\t\t<div class=\"e-con-inner\">\n\t\t\t\t<div class=\"elementor-element elementor-element-9e55447 elementor-widget elementor-widget-text-editor\" data-id=\"9e55447\" data-element_type=\"widget\" data-widget_type=\"text-editor.default\">\n\t\t\t\t<div class=\"elementor-widget-container\">\n\t\t\t\t\t\t\t\t\t<p><strong>AWARDS\u00a0<\/strong><\/p>\t\t\t\t\t\t\t\t<\/div>\n\t\t\t\t<\/div>\n\t\t\t\t<div class=\"elementor-element elementor-element-93ac78f elementor-widget elementor-widget-text-editor\" data-id=\"93ac78f\" data-element_type=\"widget\" data-widget_type=\"text-editor.default\">\n\t\t\t\t<div class=\"elementor-widget-container\">\n\t\t\t\t\t\t\t\t\t<table width=\"907\"><tbody><tr><td width=\"198\"><p><strong>LAUREATES<\/strong><\/p><\/td><td width=\"180\"><p><strong>AFFILIATION<\/strong><\/p><\/td><td width=\"161\"><p><strong>AWARD<\/strong><\/p><\/td><td width=\"369\"><p><strong>TOPIC<\/strong><\/p><\/td><\/tr><tr><td width=\"198\"><p>Bernardo Nicodemo Gomes Chimbuco\u00a0<\/p><\/td><td width=\"180\"><p>Department of Health Sciences, Polytechnic Institute, University Rainha Njinga a Mbande. Malanje, Angola<\/p><\/td><td width=\"161\"><p>Honourable Mention<\/p><\/td><td width=\"369\"><p>USB 2.3 Best trainee<\/p><\/td><\/tr><tr><td width=\"198\"><p>Jesus A. Tom\u00e9, <em>Ph.D.<\/em><\/p><\/td><td width=\"180\"><p>Agostinho Neto University. Luanda, Angola<\/p><\/td><td width=\"161\"><p>Best Paper of the Conference<\/p><\/td><td width=\"369\"><p>National Appropriation of the Notions of Citizenship and Peace Considering the International Agenda in the Post-civil War Context in Angola<\/p><\/td><\/tr><tr><td width=\"198\"><p>Isabel Balanga Pedro; Emanuel Brage &amp; Bettencourt Munanga, <em>Ph.D.<\/em><\/p><\/td><td width=\"180\"><p>Department of Food Science &amp; Department of Process Engineering, University Rainha Njinga a Mbande. Malanje, Angola<\/p><\/td><td width=\"161\"><p>Best Poster of the Conference<\/p><\/td><td width=\"369\"><p>Microbiological and physicochemical modifications during the spontaneous fermentation process of Kissangua: a traditional corn-based beverage<\/p><\/td><\/tr><tr><td width=\"198\"><p>Kalonesse de Arag\u00e3o Jo\u00e3o<\/p><\/td><td width=\"180\"><p>Department of Public Health, Faculty of Medicine, Agostinho Neto University. Luanda Angola &amp; Department of Health Sciences, Polytechnic Institute, University Rainha Njinga a Mbande. Malanje, Angola<\/p><\/td><td width=\"161\"><p>Track 1 Best Presentation<\/p><\/td><td width=\"369\"><p>Relationship between Physical Violence and Other Forms of Intrafamily Maltreatment in Pregnant Adolescent Women (co-authored with Euclides Nenga Sacomboio, Ph.D; Joaquim Carlos Van-D\u00fanem, <em>Ph.D<\/em>.; Ana Cristina Santos, <em>Ph.D<\/em>. &amp; Paulo Ad\u00e3o de Campos<em>, Ph.D<\/em>.)<\/p><\/td><\/tr><tr><td width=\"198\"><p>Francisco \u00c1lvaro dos Santos<\/p><\/td><td width=\"180\"><p>ALGORITMI Research Centre \/ LASI, University of Minho. Braga, Portugal &amp; Polytechnic Institute, Kimpa Vita University. U\u00edge, Angola<\/p><\/td><td width=\"161\"><p>Track 2 Best Presentation<\/p><\/td><td width=\"369\"><p>Multi-Objective Optimization in Distributed Industry and Environmental Sustainability. A Literature Review. (co-authores by Lino Costa, Ph.D. &amp; Leonilde Varela, <em>Ph.D.)<\/em><\/p><\/td><\/tr><tr><td width=\"198\"><p>Alberto Zumba Kirinda,<em> Ph.D.<\/em><\/p><\/td><td width=\"180\"><p>Cuanza Norte Pedagogical Higher School. Cuanza Norte, Angola; Politechinic Institute &amp; University Rainha Njinga a Mbande. Malanje, Angola<\/p><\/td><td width=\"161\"><p>Track 4 Best Presentation<\/p><\/td><td width=\"369\"><p>The Insufficiencies in the Professional Pedagogical Overcoming of Teachers at the \u201cEscola Superior Pedag\u00f3gica do Cuanza Norte\u201d. (co-authored with Graciela N\u00e1poles Qui\u00f1ones,<em> Ph.D.)<\/em><\/p><\/td><\/tr><tr><td width=\"198\"><p>Jo\u00e3o de Deus Ferraz Vunge<\/p><\/td><td width=\"180\"><p>Politechinic Institute, University Rainha Njinga a Mbande. Malanje, Angola<\/p><\/td><td width=\"161\"><p>Track 5 Best Presentation<\/p><\/td><td width=\"369\"><p>Teaching and Anxiety: Experiences of Teachers in The Beginning of the Career. (co-authored with Tom\u00e1sia Francisca Estev\u00e3o Morais)<\/p><\/td><\/tr><tr><td width=\"198\"><p>The Department of Health Sciences<\/p><\/td><td width=\"180\"><p>Polytechnic Institute, University Rainha Njinga a Mbande. Malanje, Angola<\/p><\/td><td width=\"161\"><p>Best Stand \u201cURNM Excellences\u201d<\/p><\/td><td width=\"369\"><p>Nursing &amp; Care Ecosystem\u00a0 (by Ven\u00e2ncio Ribalta Ribalta &amp; Enoel Hernandez (Faculty members); Jos\u00e9 Bernardo da Fonseca (lab technician); Ageu Sa\u00f1gala, Alfredo Catueni, Anacleto Morais, Ant\u00f4nio Sachinda &amp; Daniel\u00a0Muiamba (nursing graduation final-year students)<\/p><\/td><\/tr><\/tbody><\/table>\t\t\t\t\t\t\t\t<\/div>\n\t\t\t\t<\/div>\n\t\t\t\t\t<\/div>\n\t\t\t\t<\/div>\n\t\t<div class=\"elementor-element elementor-element-4648fa0 e-flex e-con-boxed e-con e-parent\" data-id=\"4648fa0\" data-element_type=\"container\">\n\t\t\t\t\t<div class=\"e-con-inner\">\n\t\t<div class=\"elementor-element elementor-element-e7285bd e-con-full e-flex e-con e-child\" data-id=\"e7285bd\" data-element_type=\"container\">\n\t\t\t\t<div class=\"elementor-element elementor-element-b710cca elementor-widget elementor-widget-text-editor\" data-id=\"b710cca\" data-element_type=\"widget\" data-widget_type=\"text-editor.default\">\n\t\t\t\t<div class=\"elementor-widget-container\">\n\t\t\t\t\t\t\t\t\t<p><strong><em>Keynotes and debate: <\/em><\/strong><\/p><p>The life and legacy of the Queen Njinga\u00a0 (December 15, 2023. 14h30\u2013 16h30).<\/p><p>Nota bene: Session in Portuguese with simultaneous translation in English<\/p>\t\t\t\t\t\t\t\t<\/div>\n\t\t\t\t<\/div>\n\t\t\t\t<\/div>\n\t\t<div class=\"elementor-element elementor-element-aae7824 e-con-full e-flex e-con e-child\" data-id=\"aae7824\" data-element_type=\"container\">\n\t\t\t\t<div class=\"elementor-element elementor-element-906b2e7 e-transform elementor-widget elementor-widget-image\" data-id=\"906b2e7\" data-element_type=\"widget\" data-settings=\"{&quot;_transform_rotateZ_effect&quot;:{&quot;unit&quot;:&quot;px&quot;,&quot;size&quot;:&quot;&quot;,&quot;sizes&quot;:[]},&quot;_transform_rotateZ_effect_tablet&quot;:{&quot;unit&quot;:&quot;deg&quot;,&quot;size&quot;:&quot;&quot;,&quot;sizes&quot;:[]},&quot;_transform_rotateZ_effect_mobile&quot;:{&quot;unit&quot;:&quot;deg&quot;,&quot;size&quot;:&quot;&quot;,&quot;sizes&quot;:[]}}\" data-widget_type=\"image.default\">\n\t\t\t\t<div class=\"elementor-widget-container\">\n\t\t\t\t\t\t\t\t\t\t\t\t\t\t\t<img fetchpriority=\"high\" decoding=\"async\" width=\"474\" height=\"289\" src=\"https:\/\/isc.urnm.edu.ao\/2023\/wp-content\/uploads\/2023\/08\/WhatsApp-Image-2023-08-25-at-10.03.40-e1692958899296.jpeg\" class=\"attachment-1536x1536 size-1536x1536 wp-image-1496\" alt=\"\" srcset=\"https:\/\/isc.urnm.edu.ao\/2023\/wp-content\/uploads\/2023\/08\/WhatsApp-Image-2023-08-25-at-10.03.40-e1692958899296.jpeg 474w, https:\/\/isc.urnm.edu.ao\/2023\/wp-content\/uploads\/2023\/08\/WhatsApp-Image-2023-08-25-at-10.03.40-e1692958899296-300x183.jpeg 300w\" sizes=\"(max-width: 474px) 100vw, 474px\" \/>\t\t\t\t\t\t\t\t\t\t\t\t\t\t\t<\/div>\n\t\t\t\t<\/div>\n\t\t\t\t<\/div>\n\t\t<div class=\"elementor-element elementor-element-7840743 e-con-full e-flex e-con e-child\" data-id=\"7840743\" data-element_type=\"container\">\n\t\t\t\t<div class=\"elementor-element elementor-element-e9296bc elementor-widget elementor-widget-text-editor\" data-id=\"e9296bc\" data-element_type=\"widget\" data-widget_type=\"text-editor.default\">\n\t\t\t\t<div class=\"elementor-widget-container\">\n\t\t\t\t\t\t\t\t\t<p><strong>Arts<\/strong>:<\/p><p>Ballet performance, exhibition (photography, painting, and craftsmanship)<\/p>\t\t\t\t\t\t\t\t<\/div>\n\t\t\t\t<\/div>\n\t\t\t\t<\/div>\n\t\t<div class=\"elementor-element elementor-element-7fb2d15 e-con-full e-flex e-con e-child\" data-id=\"7fb2d15\" data-element_type=\"container\">\n\t\t\t\t<div class=\"elementor-element elementor-element-6bf607d elementor-widget elementor-widget-image\" data-id=\"6bf607d\" data-element_type=\"widget\" data-widget_type=\"image.default\">\n\t\t\t\t<div class=\"elementor-widget-container\">\n\t\t\t\t\t\t\t\t\t\t\t\t\t\t\t<img decoding=\"async\" width=\"640\" height=\"360\" src=\"https:\/\/isc.urnm.edu.ao\/2023\/wp-content\/uploads\/2023\/08\/WhatsApp-Image-2023-08-25-at-10.11.57-1024x576.jpeg\" class=\"attachment-large size-large wp-image-1502\" alt=\"\" srcset=\"https:\/\/isc.urnm.edu.ao\/2023\/wp-content\/uploads\/2023\/08\/WhatsApp-Image-2023-08-25-at-10.11.57-1024x576.jpeg 1024w, https:\/\/isc.urnm.edu.ao\/2023\/wp-content\/uploads\/2023\/08\/WhatsApp-Image-2023-08-25-at-10.11.57-300x169.jpeg 300w, https:\/\/isc.urnm.edu.ao\/2023\/wp-content\/uploads\/2023\/08\/WhatsApp-Image-2023-08-25-at-10.11.57-768x432.jpeg 768w, https:\/\/isc.urnm.edu.ao\/2023\/wp-content\/uploads\/2023\/08\/WhatsApp-Image-2023-08-25-at-10.11.57.jpeg 1200w\" sizes=\"(max-width: 640px) 100vw, 640px\" \/>\t\t\t\t\t\t\t\t\t\t\t\t\t\t\t<\/div>\n\t\t\t\t<\/div>\n\t\t\t\t<\/div>\n\t\t<div class=\"elementor-element elementor-element-a74fa23 e-con-full e-flex e-con e-child\" data-id=\"a74fa23\" data-element_type=\"container\">\n\t\t\t\t<div class=\"elementor-element elementor-element-1d4cb71 elementor-widget elementor-widget-text-editor\" data-id=\"1d4cb71\" data-element_type=\"widget\" data-widget_type=\"text-editor.default\">\n\t\t\t\t<div class=\"elementor-widget-container\">\n\t\t\t\t\t\t\t\t\t<p><strong>Tourism:<\/strong><\/p><p>guided excursion<\/p>\t\t\t\t\t\t\t\t<\/div>\n\t\t\t\t<\/div>\n\t\t\t\t<\/div>\n\t\t<div class=\"elementor-element elementor-element-688a256 e-con-full e-flex e-con e-child\" data-id=\"688a256\" data-element_type=\"container\">\n\t\t\t\t<div class=\"elementor-element elementor-element-b9124a0 elementor-widget elementor-widget-image\" data-id=\"b9124a0\" data-element_type=\"widget\" data-widget_type=\"image.default\">\n\t\t\t\t<div class=\"elementor-widget-container\">\n\t\t\t\t\t\t\t\t\t\t\t\t\t\t\t<img decoding=\"async\" width=\"1600\" height=\"1200\" src=\"https:\/\/isc.urnm.edu.ao\/2023\/wp-content\/uploads\/2023\/08\/WhatsApp-Image-2023-08-25-at-10.20.31.jpeg\" class=\"attachment-2048x2048 size-2048x2048 wp-image-1500\" alt=\"\" srcset=\"https:\/\/isc.urnm.edu.ao\/2023\/wp-content\/uploads\/2023\/08\/WhatsApp-Image-2023-08-25-at-10.20.31.jpeg 1600w, https:\/\/isc.urnm.edu.ao\/2023\/wp-content\/uploads\/2023\/08\/WhatsApp-Image-2023-08-25-at-10.20.31-300x225.jpeg 300w, https:\/\/isc.urnm.edu.ao\/2023\/wp-content\/uploads\/2023\/08\/WhatsApp-Image-2023-08-25-at-10.20.31-1024x768.jpeg 1024w, https:\/\/isc.urnm.edu.ao\/2023\/wp-content\/uploads\/2023\/08\/WhatsApp-Image-2023-08-25-at-10.20.31-768x576.jpeg 768w, https:\/\/isc.urnm.edu.ao\/2023\/wp-content\/uploads\/2023\/08\/WhatsApp-Image-2023-08-25-at-10.20.31-1536x1152.jpeg 1536w\" sizes=\"(max-width: 1600px) 100vw, 1600px\" \/>\t\t\t\t\t\t\t\t\t\t\t\t\t\t\t<\/div>\n\t\t\t\t<\/div>\n\t\t\t\t<\/div>\n\t\t<div class=\"elementor-element elementor-element-afe30e9 e-con-full e-flex e-con e-child\" data-id=\"afe30e9\" data-element_type=\"container\">\n\t\t\t\t<div class=\"elementor-element elementor-element-52197c4 elementor-widget elementor-widget-text-editor\" data-id=\"52197c4\" data-element_type=\"widget\" data-widget_type=\"text-editor.default\">\n\t\t\t\t<div class=\"elementor-widget-container\">\n\t\t\t\t\t\t\t\t\t<p><strong>Fair<\/strong>:<\/p><p>National Agri-food products and opportunities, URNM R&amp;D Excellences<\/p>\t\t\t\t\t\t\t\t<\/div>\n\t\t\t\t<\/div>\n\t\t\t\t<\/div>\n\t\t<div class=\"elementor-element elementor-element-9890bc6 e-con-full e-flex e-con e-child\" data-id=\"9890bc6\" data-element_type=\"container\">\n\t\t\t\t<div class=\"elementor-element elementor-element-c294dca elementor-widget elementor-widget-image\" data-id=\"c294dca\" data-element_type=\"widget\" data-widget_type=\"image.default\">\n\t\t\t\t<div class=\"elementor-widget-container\">\n\t\t\t\t\t\t\t\t\t\t\t\t\t\t\t<img loading=\"lazy\" decoding=\"async\" width=\"640\" height=\"341\" src=\"https:\/\/isc.urnm.edu.ao\/2023\/wp-content\/uploads\/2023\/08\/WhatsApp-Image-2023-08-25-at-10.18.14.jpeg\" class=\"attachment-large size-large wp-image-1501\" alt=\"\" srcset=\"https:\/\/isc.urnm.edu.ao\/2023\/wp-content\/uploads\/2023\/08\/WhatsApp-Image-2023-08-25-at-10.18.14.jpeg 750w, https:\/\/isc.urnm.edu.ao\/2023\/wp-content\/uploads\/2023\/08\/WhatsApp-Image-2023-08-25-at-10.18.14-300x160.jpeg 300w\" sizes=\"(max-width: 640px) 100vw, 640px\" \/>\t\t\t\t\t\t\t\t\t\t\t\t\t\t\t<\/div>\n\t\t\t\t<\/div>\n\t\t\t\t<\/div>\n\t\t\t\t\t<\/div>\n\t\t\t\t<\/div>\n\t\t\t\t<\/div>\n\t\t","protected":false},"excerpt":{"rendered":"<p>AWARDS\u00a0 LAUREATES AFFILIATION AWARD TOPIC Bernardo Nicodemo Gomes Chimbuco\u00a0 Department of Health Sciences, Polytechnic Institute, University Rainha Njinga a Mbande. Malanje, Angola Honourable Mention USB 2.3 Best trainee Jesus A. Tom\u00e9, Ph.D. Agostinho Neto University. Luanda, Angola Best Paper of the Conference National Appropriation of the Notions of Citizenship and Peace Considering the International Agenda in the Post-civil War Context&#8230;<\/p>\n","protected":false},"author":1,"featured_media":0,"parent":0,"menu_order":0,"comment_status":"closed","ping_status":"closed","template":"","meta":{"footnotes":""},"class_list":["post-720","page","type-page","status-publish","hentry"],"_links":{"self":[{"href":"https:\/\/isc.urnm.edu.ao\/2023\/wp-json\/wp\/v2\/pages\/720","targetHints":{"allow":["GET"]}}],"collection":[{"href":"https:\/\/isc.urnm.edu.ao\/2023\/wp-json\/wp\/v2\/pages"}],"about":[{"href":"https:\/\/isc.urnm.edu.ao\/2023\/wp-json\/wp\/v2\/types\/page"}],"author":[{"embeddable":true,"href":"https:\/\/isc.urnm.edu.ao\/2023\/wp-json\/wp\/v2\/users\/1"}],"replies":[{"embeddable":true,"href":"https:\/\/isc.urnm.edu.ao\/2023\/wp-json\/wp\/v2\/comments?post=720"}],"version-history":[{"count":43,"href":"https:\/\/isc.urnm.edu.ao\/2023\/wp-json\/wp\/v2\/pages\/720\/revisions"}],"predecessor-version":[{"id":1831,"href":"https:\/\/isc.urnm.edu.ao\/2023\/wp-json\/wp\/v2\/pages\/720\/revisions\/1831"}],"wp:attachment":[{"href":"https:\/\/isc.urnm.edu.ao\/2023\/wp-json\/wp\/v2\/media?parent=720"}],"curies":[{"name":"wp","href":"https:\/\/api.w.org\/{rel}","templated":true}]}}